{"id":30,"date":"2020-07-10T10:52:17","date_gmt":"2020-07-10T08:52:17","guid":{"rendered":"http:\/\/localhost\/descon\/engineering\/?page_id=28"},"modified":"2020-07-30T13:51:14","modified_gmt":"2020-07-30T11:51:14","slug":"portfolio","status":"publish","type":"page","link":"https:\/\/www.descon.at\/engineering\/portfolio\/","title":{"rendered":"Portfolio"},"content":{"rendered":"<h2 class=\"wp-block-heading\">Entwicklung \/ Konstruktion<\/h2>\n\n\n\n<div class=\"wp-block-columns is-layout-flex wp-container-core-columns-is-layout-9d6595d7 wp-block-columns-is-layout-flex\">\n<div class=\"wp-block-column is-layout-flow wp-block-column-is-layout-flow\">\n<p>Zu schnellen und kosteng\u00fcnstigen L\u00f6sungen f\u00fchrt bei unseren Projekten simultanes Engineering zwischen Konzept, Konstruktion, Berechnung und Prototypenbau. Werkzeuggerechte Konstruktionen sind f\u00fcr uns selbstverst\u00e4ndlich Voraussetzung.<\/p>\n\n\n\n<ul class=\"wp-block-list\"><li>Fahrzeugbau<\/li><li>Maschinenbau<\/li><li>Vorrichtungsbau<\/li><li>Medizintechnik<\/li><li>Flugzeugbau<\/li><li>Anlagenbau<\/li><\/ul>\n\n\n\n<div style=\"height:20px\" aria-hidden=\"true\" class=\"wp-block-spacer\"><\/div>\n<\/div>\n\n\n\n<div class=\"wp-block-column is-layout-flow wp-block-column-is-layout-flow\">\n<div class=\"wp-block-image\"><figure class=\"aligncenter size-large is-resized\"><a href=\"https:\/\/www.descon.at\/engineering\/wp-content\/uploads\/sites\/2\/2020\/07\/image1.jpg\"><noscript><img decoding=\"async\" src=\"https:\/\/www.descon.at\/engineering\/wp-content\/uploads\/sites\/2\/2020\/07\/image1-1024x768.jpg\" alt class=\"wp-image-114\" width=\"567\" height=\"424\" srcset=\"https:\/\/www.descon.at\/engineering\/wp-content\/uploads\/sites\/2\/2020\/07\/image1-1024x768.jpg 1024w, https:\/\/www.descon.at\/engineering\/wp-content\/uploads\/sites\/2\/2020\/07\/image1-300x225.jpg 300w, https:\/\/www.descon.at\/engineering\/wp-content\/uploads\/sites\/2\/2020\/07\/image1-768x576.jpg 768w, https:\/\/www.descon.at\/engineering\/wp-content\/uploads\/sites\/2\/2020\/07\/image1-1536x1152.jpg 1536w, https:\/\/www.descon.at\/engineering\/wp-content\/uploads\/sites\/2\/2020\/07\/image1-1200x900.jpg 1200w, https:\/\/www.descon.at\/engineering\/wp-content\/uploads\/sites\/2\/2020\/07\/image1.jpg 1592w\" sizes=\"(max-width: 567px) 100vw, 567px\"><\/noscript><img decoding=\"async\" src=\"data:image\/svg+xml,%3Csvg%20xmlns%3D%22http%3A%2F%2Fwww.w3.org%2F2000%2Fsvg%22%20viewBox%3D%220%200%20567%20424%22%3E%3C%2Fsvg%3E\" alt class=\"wp-image-114 lazyload\" width=\"567\" height=\"424\" srcset=\"data:image\/svg+xml,%3Csvg%20xmlns%3D%22http%3A%2F%2Fwww.w3.org%2F2000%2Fsvg%22%20viewBox%3D%220%200%20567%20424%22%3E%3C%2Fsvg%3E 567w\" sizes=\"(max-width: 567px) 100vw, 567px\" data-srcset=\"https:\/\/www.descon.at\/engineering\/wp-content\/uploads\/sites\/2\/2020\/07\/image1-1024x768.jpg 1024w, https:\/\/www.descon.at\/engineering\/wp-content\/uploads\/sites\/2\/2020\/07\/image1-300x225.jpg 300w, https:\/\/www.descon.at\/engineering\/wp-content\/uploads\/sites\/2\/2020\/07\/image1-768x576.jpg 768w, https:\/\/www.descon.at\/engineering\/wp-content\/uploads\/sites\/2\/2020\/07\/image1-1536x1152.jpg 1536w, https:\/\/www.descon.at\/engineering\/wp-content\/uploads\/sites\/2\/2020\/07\/image1-1200x900.jpg 1200w, https:\/\/www.descon.at\/engineering\/wp-content\/uploads\/sites\/2\/2020\/07\/image1.jpg 1592w\" data-src=\"https:\/\/www.descon.at\/engineering\/wp-content\/uploads\/sites\/2\/2020\/07\/image1-1024x768.jpg\"><\/a><\/figure><\/div>\n<\/div>\n<\/div>\n\n\n\n<h2 class=\"wp-block-heading\">Design- Technik- Konvergenz \/ Erstellung von Oberfl\u00e4chen<\/h2>\n\n\n\n<div class=\"wp-block-columns is-layout-flex wp-container-core-columns-is-layout-9d6595d7 wp-block-columns-is-layout-flex\">\n<div class=\"wp-block-column is-layout-flow wp-block-column-is-layout-flow\">\n<p>Bei der Entwicklung von Ideenskizzen und Konzeptstudien helfen uns modernste Methoden und Technologien. Im Mittelpunkt steht f\u00fcr uns die wirtschaftlich und technisch ausgereifte Umsetzbarkeit.<\/p>\n\n\n\n<p>Ein breites Spektrum von CAD-Software und Programmen findet bei Ihren anspruchsvollen Aufgabenstellungen wie Konzepte, Packaging, Strak, Simulation, Detailkonstruktion, Datenmanagement und vieles mehr, Anwendung.<\/p>\n<\/div>\n\n\n\n<div class=\"wp-block-column is-layout-flow wp-block-column-is-layout-flow\">\n<div class=\"wp-block-image\"><figure class=\"aligncenter size-large is-resized\"><a href=\"https:\/\/www.descon.at\/engineering\/wp-content\/uploads\/sites\/2\/2020\/07\/image2-scaled.jpg\"><noscript><img decoding=\"async\" src=\"https:\/\/www.descon.at\/engineering\/wp-content\/uploads\/sites\/2\/2020\/07\/image2-1024x1024.jpg\" alt class=\"wp-image-122\" width=\"567\" height=\"567\" srcset=\"https:\/\/www.descon.at\/engineering\/wp-content\/uploads\/sites\/2\/2020\/07\/image2-1024x1024.jpg 1024w, https:\/\/www.descon.at\/engineering\/wp-content\/uploads\/sites\/2\/2020\/07\/image2-300x300.jpg 300w, https:\/\/www.descon.at\/engineering\/wp-content\/uploads\/sites\/2\/2020\/07\/image2-150x150.jpg 150w, https:\/\/www.descon.at\/engineering\/wp-content\/uploads\/sites\/2\/2020\/07\/image2-768x768.jpg 768w, https:\/\/www.descon.at\/engineering\/wp-content\/uploads\/sites\/2\/2020\/07\/image2-1536x1536.jpg 1536w, https:\/\/www.descon.at\/engineering\/wp-content\/uploads\/sites\/2\/2020\/07\/image2-2048x2048.jpg 2048w, https:\/\/www.descon.at\/engineering\/wp-content\/uploads\/sites\/2\/2020\/07\/image2-1200x1200.jpg 1200w, https:\/\/www.descon.at\/engineering\/wp-content\/uploads\/sites\/2\/2020\/07\/image2-1980x1980.jpg 1980w\" sizes=\"(max-width: 567px) 100vw, 567px\"><\/noscript><img decoding=\"async\" src=\"data:image\/svg+xml,%3Csvg%20xmlns%3D%22http%3A%2F%2Fwww.w3.org%2F2000%2Fsvg%22%20viewBox%3D%220%200%20567%20567%22%3E%3C%2Fsvg%3E\" alt class=\"wp-image-122 lazyload\" width=\"567\" height=\"567\" srcset=\"data:image\/svg+xml,%3Csvg%20xmlns%3D%22http%3A%2F%2Fwww.w3.org%2F2000%2Fsvg%22%20viewBox%3D%220%200%20567%20567%22%3E%3C%2Fsvg%3E 567w\" sizes=\"(max-width: 567px) 100vw, 567px\" data-srcset=\"https:\/\/www.descon.at\/engineering\/wp-content\/uploads\/sites\/2\/2020\/07\/image2-1024x1024.jpg 1024w, https:\/\/www.descon.at\/engineering\/wp-content\/uploads\/sites\/2\/2020\/07\/image2-300x300.jpg 300w, https:\/\/www.descon.at\/engineering\/wp-content\/uploads\/sites\/2\/2020\/07\/image2-150x150.jpg 150w, https:\/\/www.descon.at\/engineering\/wp-content\/uploads\/sites\/2\/2020\/07\/image2-768x768.jpg 768w, https:\/\/www.descon.at\/engineering\/wp-content\/uploads\/sites\/2\/2020\/07\/image2-1536x1536.jpg 1536w, https:\/\/www.descon.at\/engineering\/wp-content\/uploads\/sites\/2\/2020\/07\/image2-2048x2048.jpg 2048w, https:\/\/www.descon.at\/engineering\/wp-content\/uploads\/sites\/2\/2020\/07\/image2-1200x1200.jpg 1200w, https:\/\/www.descon.at\/engineering\/wp-content\/uploads\/sites\/2\/2020\/07\/image2-1980x1980.jpg 1980w\" data-src=\"https:\/\/www.descon.at\/engineering\/wp-content\/uploads\/sites\/2\/2020\/07\/image2-1024x1024.jpg\"><\/a><\/figure><\/div>\n<\/div>\n<\/div>\n\n\n\n<h2 class=\"wp-block-heading\">Musterbau f\u00fcr Prototypen<\/h2>\n\n\n\n<div class=\"wp-block-columns is-layout-flex wp-container-core-columns-is-layout-9d6595d7 wp-block-columns-is-layout-flex\">\n<div class=\"wp-block-column is-layout-flow wp-block-column-is-layout-flow\">\n<p>Technischer Fortschritt und Sicherheitssteigerung bestimmen die Entwicklung der Industrie. Zu attraktiven Konditionen und in seriennaher Qualit\u00e4t realisieren wir schnell und flexibel Musterteile f\u00fcr Konzeptstudien, sowie Prototypen f\u00fcr die Serienabsicherung.<\/p>\n<\/div>\n\n\n\n<div class=\"wp-block-column is-layout-flow wp-block-column-is-layout-flow\">\n<div class=\"wp-block-image\"><figure class=\"aligncenter size-large is-resized\"><a href=\"https:\/\/www.descon.at\/engineering\/wp-content\/uploads\/sites\/2\/2020\/07\/image3-scaled.jpg\"><noscript><img decoding=\"async\" src=\"https:\/\/www.descon.at\/engineering\/wp-content\/uploads\/sites\/2\/2020\/07\/image3-1024x1024.jpg\" alt class=\"wp-image-123\" width=\"567\" height=\"567\" srcset=\"https:\/\/www.descon.at\/engineering\/wp-content\/uploads\/sites\/2\/2020\/07\/image3-1024x1024.jpg 1024w, https:\/\/www.descon.at\/engineering\/wp-content\/uploads\/sites\/2\/2020\/07\/image3-300x300.jpg 300w, https:\/\/www.descon.at\/engineering\/wp-content\/uploads\/sites\/2\/2020\/07\/image3-150x150.jpg 150w, https:\/\/www.descon.at\/engineering\/wp-content\/uploads\/sites\/2\/2020\/07\/image3-768x768.jpg 768w, https:\/\/www.descon.at\/engineering\/wp-content\/uploads\/sites\/2\/2020\/07\/image3-1536x1536.jpg 1536w, https:\/\/www.descon.at\/engineering\/wp-content\/uploads\/sites\/2\/2020\/07\/image3-2048x2048.jpg 2048w, https:\/\/www.descon.at\/engineering\/wp-content\/uploads\/sites\/2\/2020\/07\/image3-1200x1200.jpg 1200w, https:\/\/www.descon.at\/engineering\/wp-content\/uploads\/sites\/2\/2020\/07\/image3-1980x1980.jpg 1980w\" sizes=\"(max-width: 567px) 100vw, 567px\"><\/noscript><img decoding=\"async\" src=\"data:image\/svg+xml,%3Csvg%20xmlns%3D%22http%3A%2F%2Fwww.w3.org%2F2000%2Fsvg%22%20viewBox%3D%220%200%20567%20567%22%3E%3C%2Fsvg%3E\" alt class=\"wp-image-123 lazyload\" width=\"567\" height=\"567\" srcset=\"data:image\/svg+xml,%3Csvg%20xmlns%3D%22http%3A%2F%2Fwww.w3.org%2F2000%2Fsvg%22%20viewBox%3D%220%200%20567%20567%22%3E%3C%2Fsvg%3E 567w\" sizes=\"(max-width: 567px) 100vw, 567px\" data-srcset=\"https:\/\/www.descon.at\/engineering\/wp-content\/uploads\/sites\/2\/2020\/07\/image3-1024x1024.jpg 1024w, https:\/\/www.descon.at\/engineering\/wp-content\/uploads\/sites\/2\/2020\/07\/image3-300x300.jpg 300w, https:\/\/www.descon.at\/engineering\/wp-content\/uploads\/sites\/2\/2020\/07\/image3-150x150.jpg 150w, https:\/\/www.descon.at\/engineering\/wp-content\/uploads\/sites\/2\/2020\/07\/image3-768x768.jpg 768w, https:\/\/www.descon.at\/engineering\/wp-content\/uploads\/sites\/2\/2020\/07\/image3-1536x1536.jpg 1536w, https:\/\/www.descon.at\/engineering\/wp-content\/uploads\/sites\/2\/2020\/07\/image3-2048x2048.jpg 2048w, https:\/\/www.descon.at\/engineering\/wp-content\/uploads\/sites\/2\/2020\/07\/image3-1200x1200.jpg 1200w, https:\/\/www.descon.at\/engineering\/wp-content\/uploads\/sites\/2\/2020\/07\/image3-1980x1980.jpg 1980w\" data-src=\"https:\/\/www.descon.at\/engineering\/wp-content\/uploads\/sites\/2\/2020\/07\/image3-1024x1024.jpg\"><\/a><\/figure><\/div>\n<\/div>\n<\/div>\n\n\n\n<h2 class=\"wp-block-heading\">Werkzeugbau und -Konstruktion<\/h2>\n\n\n\n<div class=\"wp-block-columns is-layout-flex wp-container-core-columns-is-layout-9d6595d7 wp-block-columns-is-layout-flex\">\n<div class=\"wp-block-column is-layout-flow wp-block-column-is-layout-flow\">\n<p>Wir stehen f\u00fcr formgerechte und funktionale Gestaltung, welche wir als engagiertes und erfahrenes Team professionell umsetzen.<\/p>\n\n\n\n<p>Modernste CAD-Arbeitspl\u00e4tze unterst\u00fctzen die qualit\u00e4ts-und kostenbewusste Teileentwicklung und Werkzeugkonstruktion.<\/p>\n<\/div>\n\n\n\n<div class=\"wp-block-column is-layout-flow wp-block-column-is-layout-flow\">\n<div class=\"wp-block-image\"><figure class=\"aligncenter size-large is-resized\"><a href=\"https:\/\/www.descon.at\/engineering\/wp-content\/uploads\/sites\/2\/2020\/07\/image4.jpg\"><noscript><img decoding=\"async\" src=\"https:\/\/www.descon.at\/engineering\/wp-content\/uploads\/sites\/2\/2020\/07\/image4.jpg\" alt class=\"wp-image-115\" width=\"567\" height=\"480\" srcset=\"https:\/\/www.descon.at\/engineering\/wp-content\/uploads\/sites\/2\/2020\/07\/image4.jpg 929w, https:\/\/www.descon.at\/engineering\/wp-content\/uploads\/sites\/2\/2020\/07\/image4-300x254.jpg 300w, https:\/\/www.descon.at\/engineering\/wp-content\/uploads\/sites\/2\/2020\/07\/image4-768x651.jpg 768w\" sizes=\"(max-width: 567px) 100vw, 567px\"><\/noscript><img decoding=\"async\" src=\"data:image\/svg+xml,%3Csvg%20xmlns%3D%22http%3A%2F%2Fwww.w3.org%2F2000%2Fsvg%22%20viewBox%3D%220%200%20567%20480%22%3E%3C%2Fsvg%3E\" alt class=\"wp-image-115 lazyload\" width=\"567\" height=\"480\" srcset=\"data:image\/svg+xml,%3Csvg%20xmlns%3D%22http%3A%2F%2Fwww.w3.org%2F2000%2Fsvg%22%20viewBox%3D%220%200%20567%20480%22%3E%3C%2Fsvg%3E 567w\" sizes=\"(max-width: 567px) 100vw, 567px\" data-srcset=\"https:\/\/www.descon.at\/engineering\/wp-content\/uploads\/sites\/2\/2020\/07\/image4.jpg 929w, https:\/\/www.descon.at\/engineering\/wp-content\/uploads\/sites\/2\/2020\/07\/image4-300x254.jpg 300w, https:\/\/www.descon.at\/engineering\/wp-content\/uploads\/sites\/2\/2020\/07\/image4-768x651.jpg 768w\" data-src=\"https:\/\/www.descon.at\/engineering\/wp-content\/uploads\/sites\/2\/2020\/07\/image4.jpg\"><\/a><\/figure><\/div>\n<\/div>\n<\/div>\n\n\n\n<h2 class=\"wp-block-heading\">Berechnung von CAD-Daten<\/h2>\n\n\n\n<div class=\"wp-block-columns is-layout-flex wp-container-core-columns-is-layout-9d6595d7 wp-block-columns-is-layout-flex\">\n<div class=\"wp-block-column is-layout-flow wp-block-column-is-layout-flow\">\n<p>Durch Berechnung, Simulationen und Erprobungen schneller zu besserer Produktqualit\u00e4t, h\u00f6herer Wirtschaftlichkeit und mehr Sicherheit.<\/p>\n\n\n\n<p>Wir optimieren die entworfenen CAD Modelle entsprechend der Testergebnisse und entwickeln sie weiter.<\/p>\n<\/div>\n\n\n\n<div class=\"wp-block-column is-layout-flow wp-block-column-is-layout-flow\">\n<div class=\"wp-block-image\"><figure class=\"aligncenter size-large is-resized\"><a href=\"https:\/\/www.descon.at\/engineering\/wp-content\/uploads\/sites\/2\/2020\/07\/image5.jpg\"><noscript><img decoding=\"async\" src=\"https:\/\/www.descon.at\/engineering\/wp-content\/uploads\/sites\/2\/2020\/07\/image5.jpg\" alt class=\"wp-image-116\" width=\"567\" height=\"506\" srcset=\"https:\/\/www.descon.at\/engineering\/wp-content\/uploads\/sites\/2\/2020\/07\/image5.jpg 969w, https:\/\/www.descon.at\/engineering\/wp-content\/uploads\/sites\/2\/2020\/07\/image5-300x268.jpg 300w, https:\/\/www.descon.at\/engineering\/wp-content\/uploads\/sites\/2\/2020\/07\/image5-768x686.jpg 768w\" sizes=\"(max-width: 567px) 100vw, 567px\"><\/noscript><img decoding=\"async\" src=\"data:image\/svg+xml,%3Csvg%20xmlns%3D%22http%3A%2F%2Fwww.w3.org%2F2000%2Fsvg%22%20viewBox%3D%220%200%20567%20506%22%3E%3C%2Fsvg%3E\" alt class=\"wp-image-116 lazyload\" width=\"567\" height=\"506\" srcset=\"data:image\/svg+xml,%3Csvg%20xmlns%3D%22http%3A%2F%2Fwww.w3.org%2F2000%2Fsvg%22%20viewBox%3D%220%200%20567%20506%22%3E%3C%2Fsvg%3E 567w\" sizes=\"(max-width: 567px) 100vw, 567px\" data-srcset=\"https:\/\/www.descon.at\/engineering\/wp-content\/uploads\/sites\/2\/2020\/07\/image5.jpg 969w, https:\/\/www.descon.at\/engineering\/wp-content\/uploads\/sites\/2\/2020\/07\/image5-300x268.jpg 300w, https:\/\/www.descon.at\/engineering\/wp-content\/uploads\/sites\/2\/2020\/07\/image5-768x686.jpg 768w\" data-src=\"https:\/\/www.descon.at\/engineering\/wp-content\/uploads\/sites\/2\/2020\/07\/image5.jpg\"><\/a><\/figure><\/div>\n<\/div>\n<\/div>\n\n\n\n<h2 class=\"wp-block-heading\">Schulung der neuesten CAD-Anwendungssysteme<\/h2>\n\n\n\n<div class=\"wp-block-columns is-layout-flex wp-container-core-columns-is-layout-9d6595d7 wp-block-columns-is-layout-flex\">\n<div class=\"wp-block-column is-layout-flow wp-block-column-is-layout-flow\">\n<p>Konstruktions-Know-how erweitern, Karrierechance steigern. Dies erreicht man durch gezieltes Training der aktuellsten Konstruktions- und Anwendungssoftware.<\/p>\n\n\n\n<p>Wir bringen Ihr Wissen durch eine CAD- Schulung auf den neuesten Stand.<\/p>\n<\/div>\n\n\n\n<div class=\"wp-block-column is-layout-flow wp-block-column-is-layout-flow\">\n<div class=\"wp-block-image\"><figure class=\"aligncenter size-large is-resized\"><a href=\"https:\/\/www.descon.at\/engineering\/wp-content\/uploads\/sites\/2\/2020\/07\/image6.jpg\"><noscript><img decoding=\"async\" src=\"https:\/\/www.descon.at\/engineering\/wp-content\/uploads\/sites\/2\/2020\/07\/image6-1024x682.jpg\" alt class=\"wp-image-117\" width=\"567\" height=\"377\" srcset=\"https:\/\/www.descon.at\/engineering\/wp-content\/uploads\/sites\/2\/2020\/07\/image6-1024x682.jpg 1024w, https:\/\/www.descon.at\/engineering\/wp-content\/uploads\/sites\/2\/2020\/07\/image6-300x200.jpg 300w, https:\/\/www.descon.at\/engineering\/wp-content\/uploads\/sites\/2\/2020\/07\/image6-768x512.jpg 768w, https:\/\/www.descon.at\/engineering\/wp-content\/uploads\/sites\/2\/2020\/07\/image6-1536x1024.jpg 1536w, https:\/\/www.descon.at\/engineering\/wp-content\/uploads\/sites\/2\/2020\/07\/image6-1200x800.jpg 1200w, https:\/\/www.descon.at\/engineering\/wp-content\/uploads\/sites\/2\/2020\/07\/image6.jpg 1688w\" sizes=\"(max-width: 567px) 100vw, 567px\"><\/noscript><img decoding=\"async\" src=\"data:image\/svg+xml,%3Csvg%20xmlns%3D%22http%3A%2F%2Fwww.w3.org%2F2000%2Fsvg%22%20viewBox%3D%220%200%20567%20377%22%3E%3C%2Fsvg%3E\" alt class=\"wp-image-117 lazyload\" width=\"567\" height=\"377\" srcset=\"data:image\/svg+xml,%3Csvg%20xmlns%3D%22http%3A%2F%2Fwww.w3.org%2F2000%2Fsvg%22%20viewBox%3D%220%200%20567%20377%22%3E%3C%2Fsvg%3E 567w\" sizes=\"(max-width: 567px) 100vw, 567px\" data-srcset=\"https:\/\/www.descon.at\/engineering\/wp-content\/uploads\/sites\/2\/2020\/07\/image6-1024x682.jpg 1024w, https:\/\/www.descon.at\/engineering\/wp-content\/uploads\/sites\/2\/2020\/07\/image6-300x200.jpg 300w, https:\/\/www.descon.at\/engineering\/wp-content\/uploads\/sites\/2\/2020\/07\/image6-768x512.jpg 768w, https:\/\/www.descon.at\/engineering\/wp-content\/uploads\/sites\/2\/2020\/07\/image6-1536x1024.jpg 1536w, https:\/\/www.descon.at\/engineering\/wp-content\/uploads\/sites\/2\/2020\/07\/image6-1200x800.jpg 1200w, https:\/\/www.descon.at\/engineering\/wp-content\/uploads\/sites\/2\/2020\/07\/image6.jpg 1688w\" data-src=\"https:\/\/www.descon.at\/engineering\/wp-content\/uploads\/sites\/2\/2020\/07\/image6-1024x682.jpg\"><\/a><\/figure><\/div>\n<\/div>\n<\/div>\n\n\n\n<h2 class=\"wp-block-heading\">Temporary Placement<\/h2>\n\n\n\n<div class=\"wp-block-columns is-layout-flex wp-container-core-columns-is-layout-9d6595d7 wp-block-columns-is-layout-flex\">\n<div class=\"wp-block-column is-layout-flow wp-block-column-is-layout-flow\">\n<p>St\u00f6rfaktoren wie Personalschwankungen muss das Management eines Unternehmens &#8222;handhaben&#8220; k\u00f6nnen. Das Unternehmen der Zukunft lebt von seiner F\u00e4higkeit sich rasch anzupassen. Deshalb stellen wir Mitarbeiter f\u00fcr befristete Eins\u00e4tze zur Verf\u00fcgung (kurz-, mittel- oder langfristig).<\/p>\n\n\n\n<p>Grundlage unserer Zusammenarbeit ist das Arbeitskr\u00e4fte-\u00fcberlassungsgesetz (A\u00dcG) und die g\u00fcltigen Kollektivvertr\u00e4ge.<\/p>\n<\/div>\n\n\n\n<div class=\"wp-block-column is-layout-flow wp-block-column-is-layout-flow\">\n<div class=\"wp-block-image\"><figure class=\"aligncenter size-large is-resized\"><noscript><img decoding=\"async\" src=\"https:\/\/www.descon.at\/engineering\/wp-content\/uploads\/sites\/2\/2020\/07\/image7.svg\" alt class=\"wp-image-118\" width=\"567\" height=\"453\"><\/noscript><img decoding=\"async\" src=\"data:image\/svg+xml,%3Csvg%20xmlns%3D%22http%3A%2F%2Fwww.w3.org%2F2000%2Fsvg%22%20viewBox%3D%220%200%20567%20453%22%3E%3C%2Fsvg%3E\" alt class=\"wp-image-118 lazyload\" width=\"567\" height=\"453\" data-src=\"https:\/\/www.descon.at\/engineering\/wp-content\/uploads\/sites\/2\/2020\/07\/image7.svg\"><\/figure><\/div>\n<\/div>\n<\/div>\n","protected":false},"excerpt":{"rendered":"<p>Entwicklung \/ Konstruktion Zu schnellen und kosteng\u00fcnstigen L\u00f6sungen f\u00fchrt bei unseren Projekten simultanes Engineering zwischen Konzept, Konstruktion, Berechnung und Prototypenbau. Werkzeuggerechte Konstruktionen sind f\u00fcr uns selbstverst\u00e4ndlich Voraussetzung. Fahrzeugbau Maschinenbau Vorrichtungsbau Medizintechnik Flugzeugbau Anlagenbau Design- Technik- Konvergenz \/ Erstellung von Oberfl\u00e4chen Bei der Entwicklung von Ideenskizzen und Konzeptstudien helfen uns modernste Methoden und Technologien. Im Mittelpunkt&hellip;&nbsp;<a href=\"https:\/\/www.descon.at\/engineering\/portfolio\/\" rel=\"bookmark\">Weiterlesen &raquo;<span class=\"screen-reader-text\">Portfolio<\/span><\/a><\/p>\n","protected":false},"author":1,"featured_media":0,"parent":0,"menu_order":0,"comment_status":"closed","ping_status":"closed","template":"","meta":{"neve_meta_sidebar":"full-width","neve_meta_container":"","neve_meta_enable_content_width":"on","neve_meta_content_width":100,"neve_meta_title_alignment":"","neve_meta_author_avatar":"","neve_post_elements_order":"","neve_meta_disable_header":"","neve_meta_disable_footer":"","neve_meta_disable_title":"on","footnotes":""},"class_list":["post-30","page","type-page","status-publish","hentry"],"_links":{"self":[{"href":"https:\/\/www.descon.at\/engineering\/wp-json\/wp\/v2\/pages\/30","targetHints":{"allow":["GET"]}}],"collection":[{"href":"https:\/\/www.descon.at\/engineering\/wp-json\/wp\/v2\/pages"}],"about":[{"href":"https:\/\/www.descon.at\/engineering\/wp-json\/wp\/v2\/types\/page"}],"author":[{"embeddable":true,"href":"https:\/\/www.descon.at\/engineering\/wp-json\/wp\/v2\/users\/1"}],"replies":[{"embeddable":true,"href":"https:\/\/www.descon.at\/engineering\/wp-json\/wp\/v2\/comments?post=30"}],"version-history":[{"count":7,"href":"https:\/\/www.descon.at\/engineering\/wp-json\/wp\/v2\/pages\/30\/revisions"}],"predecessor-version":[{"id":258,"href":"https:\/\/www.descon.at\/engineering\/wp-json\/wp\/v2\/pages\/30\/revisions\/258"}],"wp:attachment":[{"href":"https:\/\/www.descon.at\/engineering\/wp-json\/wp\/v2\/media?parent=30"}],"curies":[{"name":"wp","href":"https:\/\/api.w.org\/{rel}","templated":true}]}}