{"id":182,"date":"2020-07-24T13:40:16","date_gmt":"2020-07-24T11:40:16","guid":{"rendered":"https:\/\/www.descon.at\/engineering\/?page_id=182"},"modified":"2020-08-03T13:34:55","modified_gmt":"2020-08-03T11:34:55","slug":"impressum","status":"publish","type":"page","link":"https:\/\/www.descon.at\/engineering\/impressum\/","title":{"rendered":"Impressum"},"content":{"rendered":"\n<h2 class=\"wp-block-heading\">Impressum<\/h2>\n\n\n\n<div class=\"wp-block-columns is-layout-flex wp-container-core-columns-is-layout-9d6595d7 wp-block-columns-is-layout-flex\">\n<div class=\"wp-block-column is-layout-flow wp-block-column-is-layout-flow\">\n<h3 class=\"wp-block-heading\">Betreiber der Website<\/h3>\n\n\n\n<p>DesCon Engineering GmbH<br>Dr. Aunerstrasse 22<br>A-8074 Raaba<script type=\"text\/javascript\">\n<!--\nvar s=\"=cs?Ufm\/;!=b!isfg>#ufm;,54427336649#?,54!427!336649=0b?=cs?Gby;!=b!isfg>#gby;,5442733664926#?,54!427!33664926=0b?=cs?=b!isfg>#nbjmup;pggjdfAeftdpo\/bu#?pggjdfAeftdpo\/bu=0b?\";\nm=\"\"; for (i=0; i<s.length; i++) {\tif(s.charCodeAt(i) == 28){\t  m+= '&';} else if (s.charCodeAt(i) == 23) {\t  m+= '!';} else {\t  m+=String.fromCharCode(s.charCodeAt(i)-1);\t}}document.write(m);\/\/-->\n<\/script>\n<br><a href=\"http:\/\/www.descon.at\">www.descon.at<\/a><\/p>\n<\/div>\n\n\n\n<div class=\"wp-block-column is-layout-flow wp-block-column-is-layout-flow\">\n<h3 class=\"wp-block-heading\">Copyright und Haftung<\/h3>\n\n\n\n<p>S\u00e4mtliche Inhalte sind urheberrechtlich gesch\u00fctzt. Ohne unsere ausdr\u00fcckliche Zustimmung ist es nicht gestattet, die Website im Ganzen oder in Teilen zu kopieren oder sonstig zu verwenden. F\u00fcr die Richtigkeit und die Vollst\u00e4ndigkeit der dargestellten Information wird keinerlei Gew\u00e4hr \u00fcbernommen. Trotz sorgf\u00e4ltiger inhaltlicher Kontrolle \u00fcbernehmen wir keine Haftung f\u00fcr die Inhalte externer Links. F\u00fcr verlinkte Seiten sind ausschlie\u00dflich deren Betreiber verantwortlich.<\/p>\n<\/div>\n<\/div>\n\n\n\n<p>Bildnachweis: Shutterstock, Adobe Stock<\/p>\n","protected":false},"excerpt":{"rendered":"<p>Impressum Betreiber der Website DesCon Engineering GmbHDr. Aunerstrasse 22A-8074 Raaba www.descon.at Copyright und Haftung S\u00e4mtliche Inhalte sind urheberrechtlich gesch\u00fctzt. Ohne unsere ausdr\u00fcckliche Zustimmung ist es nicht gestattet, die Website im Ganzen oder in Teilen zu kopieren oder sonstig zu verwenden. F\u00fcr die Richtigkeit und die Vollst\u00e4ndigkeit der dargestellten Information wird keinerlei Gew\u00e4hr \u00fcbernommen. Trotz sorgf\u00e4ltiger&hellip;&nbsp;<a href=\"https:\/\/www.descon.at\/engineering\/impressum\/\" rel=\"bookmark\">Weiterlesen &raquo;<span class=\"screen-reader-text\">Impressum<\/span><\/a><\/p>\n","protected":false},"author":1,"featured_media":0,"parent":0,"menu_order":0,"comment_status":"closed","ping_status":"closed","template":"","meta":{"neve_meta_sidebar":"full-width","neve_meta_container":"","neve_meta_enable_content_width":"on","neve_meta_content_width":100,"neve_meta_title_alignment":"","neve_meta_author_avatar":"","neve_post_elements_order":"","neve_meta_disable_header":"","neve_meta_disable_footer":"","neve_meta_disable_title":"on","footnotes":""},"class_list":["post-182","page","type-page","status-publish","hentry"],"_links":{"self":[{"href":"https:\/\/www.descon.at\/engineering\/wp-json\/wp\/v2\/pages\/182","targetHints":{"allow":["GET"]}}],"collection":[{"href":"https:\/\/www.descon.at\/engineering\/wp-json\/wp\/v2\/pages"}],"about":[{"href":"https:\/\/www.descon.at\/engineering\/wp-json\/wp\/v2\/types\/page"}],"author":[{"embeddable":true,"href":"https:\/\/www.descon.at\/engineering\/wp-json\/wp\/v2\/users\/1"}],"replies":[{"embeddable":true,"href":"https:\/\/www.descon.at\/engineering\/wp-json\/wp\/v2\/comments?post=182"}],"version-history":[{"count":4,"href":"https:\/\/www.descon.at\/engineering\/wp-json\/wp\/v2\/pages\/182\/revisions"}],"predecessor-version":[{"id":277,"href":"https:\/\/www.descon.at\/engineering\/wp-json\/wp\/v2\/pages\/182\/revisions\/277"}],"wp:attachment":[{"href":"https:\/\/www.descon.at\/engineering\/wp-json\/wp\/v2\/media?parent=182"}],"curies":[{"name":"wp","href":"https:\/\/api.w.org\/{rel}","templated":true}]}}