{"id":29,"date":"2020-07-10T10:34:13","date_gmt":"2020-07-10T08:34:13","guid":{"rendered":"http:\/\/localhost\/descon\/engineering\/?page_id=23"},"modified":"2020-07-30T11:27:48","modified_gmt":"2020-07-30T09:27:48","slug":"unternehmen","status":"publish","type":"page","link":"https:\/\/www.descon.at\/engineering\/en\/","title":{"rendered":"Company"},"content":{"rendered":"<h2 class=\"wp-block-heading\">About Us<\/h2>\n\n\n\n<div class=\"wp-block-columns is-layout-flex wp-container-core-columns-is-layout-9d6595d7 wp-block-columns-is-layout-flex\">\n<div class=\"wp-block-column is-layout-flow wp-block-column-is-layout-flow\">\n<p>The company DesCon Engineering GmbH was newly founded in 2010. The corporate strategy is based on the business of the engineering office. That means we are active in the consumer goods market (specifically the automotive industry, mechanical engineering, aircraft construction, development\/research etc.) and the job market. Hence our most important customer group is the industry.<\/p>\n\n\n\n<p>We provide a wide variety of services and put our focus on customer service and customer satisfaction. The appropriation of multiple complete solutions with one contact (Outsourcing) makes our company the first choice.<\/p>\n\n\n\n<p>Our strengths are our industry knowledge and relationship in the segments of our product palette. We combine long-time expertise in every division of our offers and reach a big part of the market with this company profile.<\/p>\n<\/div>\n\n\n\n<div class=\"wp-block-column is-vertically-aligned-center is-layout-flow wp-block-column-is-layout-flow\">\n<div class=\"wp-block-image\"><figure class=\"aligncenter size-large is-resized\"><a href=\"https:\/\/www.descon.at\/engineering\/wp-content\/uploads\/sites\/2\/2020\/07\/scheinwerfer.png\"><noscript><img decoding=\"async\" src=\"https:\/\/www.descon.at\/engineering\/wp-content\/uploads\/sites\/2\/2020\/07\/scheinwerfer.png\" alt class=\"wp-image-170\" width=\"565\" height=\"423\" srcset=\"https:\/\/www.descon.at\/engineering\/wp-content\/uploads\/sites\/2\/2020\/07\/scheinwerfer.png 1000w, https:\/\/www.descon.at\/engineering\/wp-content\/uploads\/sites\/2\/2020\/07\/scheinwerfer-300x225.png 300w, https:\/\/www.descon.at\/engineering\/wp-content\/uploads\/sites\/2\/2020\/07\/scheinwerfer-768x576.png 768w\" sizes=\"(max-width: 565px) 100vw, 565px\"><\/noscript><img decoding=\"async\" src=\"data:image\/svg+xml,%3Csvg%20xmlns%3D%22http%3A%2F%2Fwww.w3.org%2F2000%2Fsvg%22%20viewBox%3D%220%200%20565%20423%22%3E%3C%2Fsvg%3E\" alt class=\"wp-image-170 lazyload\" width=\"565\" height=\"423\" srcset=\"data:image\/svg+xml,%3Csvg%20xmlns%3D%22http%3A%2F%2Fwww.w3.org%2F2000%2Fsvg%22%20viewBox%3D%220%200%20565%20423%22%3E%3C%2Fsvg%3E 565w\" sizes=\"(max-width: 565px) 100vw, 565px\" data-srcset=\"https:\/\/www.descon.at\/engineering\/wp-content\/uploads\/sites\/2\/2020\/07\/scheinwerfer.png 1000w, https:\/\/www.descon.at\/engineering\/wp-content\/uploads\/sites\/2\/2020\/07\/scheinwerfer-300x225.png 300w, https:\/\/www.descon.at\/engineering\/wp-content\/uploads\/sites\/2\/2020\/07\/scheinwerfer-768x576.png 768w\" data-src=\"https:\/\/www.descon.at\/engineering\/wp-content\/uploads\/sites\/2\/2020\/07\/scheinwerfer.png\"><\/a><\/figure><\/div>\n<\/div>\n<\/div>\n\n\n\n<h2 class=\"wp-block-heading\">Company Philosophy<\/h2>\n\n\n\n<div class=\"wp-block-columns is-layout-flex wp-container-core-columns-is-layout-9d6595d7 wp-block-columns-is-layout-flex\">\n<div class=\"wp-block-column is-layout-flow wp-block-column-is-layout-flow\">\n<p>Our philosophy and values form the basis of our corporate strategies. They are trend-setting for our actions and our relationship with our customers, business partners and our suppliers. They are responsible for our sustainable success.<\/p>\n<\/div>\n\n\n\n<div class=\"wp-block-column is-vertically-aligned-center is-layout-flow wp-block-column-is-layout-flow\">\n<div class=\"wp-block-image\"><figure class=\"aligncenter size-large is-resized\"><noscript><img decoding=\"async\" src=\"https:\/\/www.descon.at\/engineering\/wp-content\/uploads\/sites\/2\/2020\/07\/descon_philosophie.svg\" alt class=\"wp-image-202\" width=\"420\" height=\"420\"><\/noscript><img decoding=\"async\" src=\"data:image\/svg+xml,%3Csvg%20xmlns%3D%22http%3A%2F%2Fwww.w3.org%2F2000%2Fsvg%22%20viewBox%3D%220%200%20420%20420%22%3E%3C%2Fsvg%3E\" alt class=\"wp-image-202 lazyload\" width=\"420\" height=\"420\" data-src=\"https:\/\/www.descon.at\/engineering\/wp-content\/uploads\/sites\/2\/2020\/07\/descon_philosophie.svg\"><\/figure><\/div>\n<\/div>\n<\/div>","protected":false},"excerpt":{"rendered":"<p>\u00dcber Uns Die Firma DesCon Engineering GmbH wurde im Jahr 2010 neu gegr\u00fcndet. Die Gesch\u00e4ftsidee unserer Firma basiert auf dem reglementierten Gewerbe des Ingenieurb\u00fcros und ist daher auf dem Konsumg\u00fctermarkt (im speziellen die Marktsegmente Automobil-, Maschinen-, Flugzeugbau, Entwicklung\/Forschung etc.) und dem Arbeitsmarkt t\u00e4tig. Zu unserer wichtigsten Kundengruppe z\u00e4hlt demzufolge die Industrie. Wir bieten dem Markt&hellip;&nbsp;<a href=\"https:\/\/www.descon.at\/engineering\/en\/\" rel=\"bookmark\">Read More &raquo;<span class=\"screen-reader-text\">Company<\/span><\/a><\/p>","protected":false},"author":1,"featured_media":0,"parent":0,"menu_order":0,"comment_status":"closed","ping_status":"closed","template":"","meta":{"neve_meta_sidebar":"full-width","neve_meta_container":"","neve_meta_enable_content_width":"on","neve_meta_content_width":100,"neve_meta_title_alignment":"","neve_meta_author_avatar":"","neve_post_elements_order":"","neve_meta_disable_header":"","neve_meta_disable_footer":"","neve_meta_disable_title":"on","footnotes":""},"class_list":["post-29","page","type-page","status-publish","hentry"],"_links":{"self":[{"href":"https:\/\/www.descon.at\/engineering\/en\/wp-json\/wp\/v2\/pages\/29","targetHints":{"allow":["GET"]}}],"collection":[{"href":"https:\/\/www.descon.at\/engineering\/en\/wp-json\/wp\/v2\/pages"}],"about":[{"href":"https:\/\/www.descon.at\/engineering\/en\/wp-json\/wp\/v2\/types\/page"}],"author":[{"embeddable":true,"href":"https:\/\/www.descon.at\/engineering\/en\/wp-json\/wp\/v2\/users\/1"}],"replies":[{"embeddable":true,"href":"https:\/\/www.descon.at\/engineering\/en\/wp-json\/wp\/v2\/comments?post=29"}],"version-history":[{"count":9,"href":"https:\/\/www.descon.at\/engineering\/en\/wp-json\/wp\/v2\/pages\/29\/revisions"}],"predecessor-version":[{"id":233,"href":"https:\/\/www.descon.at\/engineering\/en\/wp-json\/wp\/v2\/pages\/29\/revisions\/233"}],"wp:attachment":[{"href":"https:\/\/www.descon.at\/engineering\/en\/wp-json\/wp\/v2\/media?parent=29"}],"curies":[{"name":"wp","href":"https:\/\/api.w.org\/{rel}","templated":true}]}}