{"id":62,"date":"2020-07-14T12:50:02","date_gmt":"2020-07-14T10:50:02","guid":{"rendered":"http:\/\/localhost\/descon\/electronic\/?page_id=62"},"modified":"2020-08-11T15:23:31","modified_gmt":"2020-08-11T13:23:31","slug":"unternehmen","status":"publish","type":"page","link":"https:\/\/www.descon.at\/electronic\/en\/","title":{"rendered":"Company"},"content":{"rendered":"<div class=\"wp-block-columns is-layout-flex wp-container-core-columns-is-layout-9d6595d7 wp-block-columns-is-layout-flex\">\n<div class=\"wp-block-column is-vertically-aligned-center is-layout-flow wp-block-column-is-layout-flow\">\n<h2 class=\"wp-block-heading\">\u00dcber Uns<\/h2>\n\n\n\n<p>Wir sind ein \u00f6sterrreichisches KMU, welches sich zu 100% in privater Hand befindet.<\/p>\n\n\n\n<p>Da wir uns in einem hoch-qualifizierten Umfeld bewegen, sind Kontinuit\u00e4t, Professionalit\u00e4t und Nachhaltigkeit selbstverst\u00e4ndlich.<\/p>\n\n\n\n<p>Die Beziehung zu unseren Kunden, Lieferanten und Mitarbeitern ist auf dauerhaften Erfolg aller partizipierenden Pateien angelegt. Wir stehen f\u00fcr gegenseitigen Respekt und Handschlag-Qualit\u00e4t.<\/p>\n<\/div>\n\n\n\n<div class=\"wp-block-column is-layout-flow wp-block-column-is-layout-flow\">\n<div class=\"wp-block-image\"><figure class=\"aligncenter size-large is-resized\"><a href=\"https:\/\/www.descon.at\/electronic\/wp-content\/uploads\/sites\/4\/2020\/07\/Fotolia_3197122_M.jpg\"><noscript><img decoding=\"async\" src=\"https:\/\/www.descon.at\/electronic\/wp-content\/uploads\/sites\/4\/2020\/07\/Fotolia_3197122_M-1024x843.jpg\" alt class=\"wp-image-73\" width=\"569\" height=\"468\" srcset=\"https:\/\/www.descon.at\/electronic\/wp-content\/uploads\/sites\/4\/2020\/07\/Fotolia_3197122_M-1024x843.jpg 1024w, https:\/\/www.descon.at\/electronic\/wp-content\/uploads\/sites\/4\/2020\/07\/Fotolia_3197122_M-300x247.jpg 300w, https:\/\/www.descon.at\/electronic\/wp-content\/uploads\/sites\/4\/2020\/07\/Fotolia_3197122_M-768x633.jpg 768w, https:\/\/www.descon.at\/electronic\/wp-content\/uploads\/sites\/4\/2020\/07\/Fotolia_3197122_M-1200x988.jpg 1200w, https:\/\/www.descon.at\/electronic\/wp-content\/uploads\/sites\/4\/2020\/07\/Fotolia_3197122_M.jpg 1519w\" sizes=\"(max-width: 569px) 100vw, 569px\"><\/noscript><img decoding=\"async\" src=\"data:image\/svg+xml,%3Csvg%20xmlns%3D%22http%3A%2F%2Fwww.w3.org%2F2000%2Fsvg%22%20viewBox%3D%220%200%20569%20468%22%3E%3C%2Fsvg%3E\" alt class=\"wp-image-73 lazyload\" width=\"569\" height=\"468\" srcset=\"data:image\/svg+xml,%3Csvg%20xmlns%3D%22http%3A%2F%2Fwww.w3.org%2F2000%2Fsvg%22%20viewBox%3D%220%200%20569%20468%22%3E%3C%2Fsvg%3E 569w\" sizes=\"(max-width: 569px) 100vw, 569px\" data-srcset=\"https:\/\/www.descon.at\/electronic\/wp-content\/uploads\/sites\/4\/2020\/07\/Fotolia_3197122_M-1024x843.jpg 1024w, https:\/\/www.descon.at\/electronic\/wp-content\/uploads\/sites\/4\/2020\/07\/Fotolia_3197122_M-300x247.jpg 300w, https:\/\/www.descon.at\/electronic\/wp-content\/uploads\/sites\/4\/2020\/07\/Fotolia_3197122_M-768x633.jpg 768w, https:\/\/www.descon.at\/electronic\/wp-content\/uploads\/sites\/4\/2020\/07\/Fotolia_3197122_M-1200x988.jpg 1200w, https:\/\/www.descon.at\/electronic\/wp-content\/uploads\/sites\/4\/2020\/07\/Fotolia_3197122_M.jpg 1519w\" data-src=\"https:\/\/www.descon.at\/electronic\/wp-content\/uploads\/sites\/4\/2020\/07\/Fotolia_3197122_M-1024x843.jpg\"><\/a><\/figure><\/div>\n<\/div>\n<\/div>\n\n\n\n<div class=\"wp-block-columns is-layout-flex wp-container-core-columns-is-layout-9d6595d7 wp-block-columns-is-layout-flex\">\n<div class=\"wp-block-column is-layout-flow wp-block-column-is-layout-flow\">\n<h2 class=\"wp-block-heading\">Warum wir Elektronik-Entwicklungsdienstleistungen anbieten<\/h2>\n\n\n\n<ul class=\"wp-block-list\"><li>Auslagerung von Entwicklungsdienstleistungen reduziert Kosten und erh\u00f6ht die Flexibilit\u00e4t<\/li><li>Der globale Dienstleistungsmarkt im Bereich elektronische Entwicklung w\u00e4chst im Durchschnitt mit mehr als 7% pro Jahr im Zeitraum 2018-2023 <a href=\"https:\/\/www.businesswire.com\/news\/home\/20180531005625\/en\/Global-Electronic-Contract-Design-Engineering-Market-Analysis\">[*]<\/a><\/li><li>Investitionen in Forschung und Entwicklung, sowie in verschiedene strategische Initiativen w\u00e4chst st\u00e4ndig, getrieben vom immer h\u00f6her werdenden Bedarf an elektronischen Systemen<\/li><li>Herausforderungen mit internen Entwicklungen sollen vermieden werden und zentrale Kompetenzen sollen gef\u00f6rdert werden<\/li><li>Entwicklungsdienstleistungen werden ein hohes Wachstum in allen M\u00e4rkten zeigen, getrieben von Bereichen wie<ul><li>Internet der Dinge und industrielles Internet der Dinge<\/li><li>Intelligente Heimanwendungen<\/li><li>Automatisierung<\/li><li>Medizintechnik<\/li><li>Automobilanwendungen<\/li><li>Umweltfreundliche Energieerzeugung und Verteilung<\/li><li>Informationstechnologie und Telekommunikation<\/li><li>Konsumerelektronik<\/li><\/ul><\/li><li>Was sind die Herausforderungen?<ul><li>Viele Unternehmen verf\u00fcgen nicht \u00fcber das notwendige Knowhow um mit der Digitalisierung Schritt zu halten<\/li><li>Unternehmen m\u00f6chten sich auf Kernkompetenzen fokussieren und ben\u00f6tigen daher Dienstleister im Entwicklungsbereich<\/li><li>Schl\u00fcsselarbeitskr\u00e4fte sind schwierig zu finden und viele Projekte sind aufgrund von Arbeitskr\u00e4ftemangel schwer zu realisieren<\/li><li>Technische gut ausgebildete Arbeitskr\u00e4fte sind kaum verf\u00fcgbar und neue Mitarbeiter ben\u00f6tigen intensives und langwieriges Training<\/li><\/ul><\/li><li>Wonach suchen die Unternehmen?<ul><li>Schnell verf\u00fcgbare und flexible technische Kompetenzen<\/li><li>Keine Probleme mit Mitarbeiteranzahl und Fixkosten<\/li><li>Umsetzung von Projekten parallel zum Tagesgesch\u00e4ft und ohne weiteren Aufbau der Organisation<\/li><li>Transparente und zuverl\u00e4ssige Projektkosten<\/li><\/ul><\/li><\/ul>\n\n\n\n<div style=\"height:20px\" aria-hidden=\"true\" class=\"wp-block-spacer\"><\/div>\n<\/div>\n\n\n\n<div class=\"wp-block-column is-layout-flow wp-block-column-is-layout-flow\">\n<div class=\"wp-block-image\"><figure class=\"aligncenter size-large is-resized\"><a href=\"https:\/\/www.descon.at\/electronic\/wp-content\/uploads\/sites\/4\/2020\/07\/waveform-scaled.jpg\"><noscript><img decoding=\"async\" src=\"https:\/\/www.descon.at\/electronic\/wp-content\/uploads\/sites\/4\/2020\/07\/waveform-1024x683.jpg\" alt class=\"wp-image-83\" width=\"569\" height=\"379\" srcset=\"https:\/\/www.descon.at\/electronic\/wp-content\/uploads\/sites\/4\/2020\/07\/waveform-1024x683.jpg 1024w, https:\/\/www.descon.at\/electronic\/wp-content\/uploads\/sites\/4\/2020\/07\/waveform-300x200.jpg 300w, https:\/\/www.descon.at\/electronic\/wp-content\/uploads\/sites\/4\/2020\/07\/waveform-768x512.jpg 768w, https:\/\/www.descon.at\/electronic\/wp-content\/uploads\/sites\/4\/2020\/07\/waveform-1536x1024.jpg 1536w, https:\/\/www.descon.at\/electronic\/wp-content\/uploads\/sites\/4\/2020\/07\/waveform-2048x1365.jpg 2048w, https:\/\/www.descon.at\/electronic\/wp-content\/uploads\/sites\/4\/2020\/07\/waveform-1200x800.jpg 1200w, https:\/\/www.descon.at\/electronic\/wp-content\/uploads\/sites\/4\/2020\/07\/waveform-1980x1320.jpg 1980w\" sizes=\"(max-width: 569px) 100vw, 569px\"><\/noscript><img decoding=\"async\" src=\"data:image\/svg+xml,%3Csvg%20xmlns%3D%22http%3A%2F%2Fwww.w3.org%2F2000%2Fsvg%22%20viewBox%3D%220%200%20569%20379%22%3E%3C%2Fsvg%3E\" alt class=\"wp-image-83 lazyload\" width=\"569\" height=\"379\" srcset=\"data:image\/svg+xml,%3Csvg%20xmlns%3D%22http%3A%2F%2Fwww.w3.org%2F2000%2Fsvg%22%20viewBox%3D%220%200%20569%20379%22%3E%3C%2Fsvg%3E 569w\" sizes=\"(max-width: 569px) 100vw, 569px\" data-srcset=\"https:\/\/www.descon.at\/electronic\/wp-content\/uploads\/sites\/4\/2020\/07\/waveform-1024x683.jpg 1024w, https:\/\/www.descon.at\/electronic\/wp-content\/uploads\/sites\/4\/2020\/07\/waveform-300x200.jpg 300w, https:\/\/www.descon.at\/electronic\/wp-content\/uploads\/sites\/4\/2020\/07\/waveform-768x512.jpg 768w, https:\/\/www.descon.at\/electronic\/wp-content\/uploads\/sites\/4\/2020\/07\/waveform-1536x1024.jpg 1536w, https:\/\/www.descon.at\/electronic\/wp-content\/uploads\/sites\/4\/2020\/07\/waveform-2048x1365.jpg 2048w, https:\/\/www.descon.at\/electronic\/wp-content\/uploads\/sites\/4\/2020\/07\/waveform-1200x800.jpg 1200w, https:\/\/www.descon.at\/electronic\/wp-content\/uploads\/sites\/4\/2020\/07\/waveform-1980x1320.jpg 1980w\" data-src=\"https:\/\/www.descon.at\/electronic\/wp-content\/uploads\/sites\/4\/2020\/07\/waveform-1024x683.jpg\"><\/a><\/figure><\/div>\n\n\n\n<div class=\"wp-block-image\"><figure class=\"aligncenter size-large is-resized\"><a href=\"https:\/\/www.descon.at\/electronic\/wp-content\/uploads\/sites\/4\/2020\/07\/touch-scaled.jpg\"><noscript><img decoding=\"async\" src=\"https:\/\/www.descon.at\/electronic\/wp-content\/uploads\/sites\/4\/2020\/07\/touch-1024x565.jpg\" alt class=\"wp-image-81\" width=\"569\" height=\"313\" srcset=\"https:\/\/www.descon.at\/electronic\/wp-content\/uploads\/sites\/4\/2020\/07\/touch-1024x565.jpg 1024w, https:\/\/www.descon.at\/electronic\/wp-content\/uploads\/sites\/4\/2020\/07\/touch-300x166.jpg 300w, https:\/\/www.descon.at\/electronic\/wp-content\/uploads\/sites\/4\/2020\/07\/touch-768x424.jpg 768w, https:\/\/www.descon.at\/electronic\/wp-content\/uploads\/sites\/4\/2020\/07\/touch-1536x848.jpg 1536w, https:\/\/www.descon.at\/electronic\/wp-content\/uploads\/sites\/4\/2020\/07\/touch-2048x1131.jpg 2048w, https:\/\/www.descon.at\/electronic\/wp-content\/uploads\/sites\/4\/2020\/07\/touch-1200x663.jpg 1200w, https:\/\/www.descon.at\/electronic\/wp-content\/uploads\/sites\/4\/2020\/07\/touch-1980x1093.jpg 1980w\" sizes=\"(max-width: 569px) 100vw, 569px\"><\/noscript><img decoding=\"async\" src=\"data:image\/svg+xml,%3Csvg%20xmlns%3D%22http%3A%2F%2Fwww.w3.org%2F2000%2Fsvg%22%20viewBox%3D%220%200%20569%20313%22%3E%3C%2Fsvg%3E\" alt class=\"wp-image-81 lazyload\" width=\"569\" height=\"313\" srcset=\"data:image\/svg+xml,%3Csvg%20xmlns%3D%22http%3A%2F%2Fwww.w3.org%2F2000%2Fsvg%22%20viewBox%3D%220%200%20569%20313%22%3E%3C%2Fsvg%3E 569w\" sizes=\"(max-width: 569px) 100vw, 569px\" data-srcset=\"https:\/\/www.descon.at\/electronic\/wp-content\/uploads\/sites\/4\/2020\/07\/touch-1024x565.jpg 1024w, https:\/\/www.descon.at\/electronic\/wp-content\/uploads\/sites\/4\/2020\/07\/touch-300x166.jpg 300w, https:\/\/www.descon.at\/electronic\/wp-content\/uploads\/sites\/4\/2020\/07\/touch-768x424.jpg 768w, https:\/\/www.descon.at\/electronic\/wp-content\/uploads\/sites\/4\/2020\/07\/touch-1536x848.jpg 1536w, https:\/\/www.descon.at\/electronic\/wp-content\/uploads\/sites\/4\/2020\/07\/touch-2048x1131.jpg 2048w, https:\/\/www.descon.at\/electronic\/wp-content\/uploads\/sites\/4\/2020\/07\/touch-1200x663.jpg 1200w, https:\/\/www.descon.at\/electronic\/wp-content\/uploads\/sites\/4\/2020\/07\/touch-1980x1093.jpg 1980w\" data-src=\"https:\/\/www.descon.at\/electronic\/wp-content\/uploads\/sites\/4\/2020\/07\/touch-1024x565.jpg\"><\/a><\/figure><\/div>\n\n\n\n<div class=\"wp-block-image\"><figure class=\"aligncenter size-large is-resized\"><a href=\"https:\/\/www.descon.at\/electronic\/wp-content\/uploads\/sites\/4\/2020\/07\/soldering-scaled.jpg\"><noscript><img decoding=\"async\" src=\"https:\/\/www.descon.at\/electronic\/wp-content\/uploads\/sites\/4\/2020\/07\/soldering-1024x683.jpg\" alt class=\"wp-image-80\" width=\"569\" height=\"379\" srcset=\"https:\/\/www.descon.at\/electronic\/wp-content\/uploads\/sites\/4\/2020\/07\/soldering-1024x683.jpg 1024w, https:\/\/www.descon.at\/electronic\/wp-content\/uploads\/sites\/4\/2020\/07\/soldering-300x200.jpg 300w, https:\/\/www.descon.at\/electronic\/wp-content\/uploads\/sites\/4\/2020\/07\/soldering-768x512.jpg 768w, https:\/\/www.descon.at\/electronic\/wp-content\/uploads\/sites\/4\/2020\/07\/soldering-1536x1024.jpg 1536w, https:\/\/www.descon.at\/electronic\/wp-content\/uploads\/sites\/4\/2020\/07\/soldering-2048x1365.jpg 2048w, https:\/\/www.descon.at\/electronic\/wp-content\/uploads\/sites\/4\/2020\/07\/soldering-1200x800.jpg 1200w, https:\/\/www.descon.at\/electronic\/wp-content\/uploads\/sites\/4\/2020\/07\/soldering-1980x1320.jpg 1980w\" sizes=\"(max-width: 569px) 100vw, 569px\"><\/noscript><img decoding=\"async\" src=\"data:image\/svg+xml,%3Csvg%20xmlns%3D%22http%3A%2F%2Fwww.w3.org%2F2000%2Fsvg%22%20viewBox%3D%220%200%20569%20379%22%3E%3C%2Fsvg%3E\" alt class=\"wp-image-80 lazyload\" width=\"569\" height=\"379\" srcset=\"data:image\/svg+xml,%3Csvg%20xmlns%3D%22http%3A%2F%2Fwww.w3.org%2F2000%2Fsvg%22%20viewBox%3D%220%200%20569%20379%22%3E%3C%2Fsvg%3E 569w\" sizes=\"(max-width: 569px) 100vw, 569px\" data-srcset=\"https:\/\/www.descon.at\/electronic\/wp-content\/uploads\/sites\/4\/2020\/07\/soldering-1024x683.jpg 1024w, https:\/\/www.descon.at\/electronic\/wp-content\/uploads\/sites\/4\/2020\/07\/soldering-300x200.jpg 300w, https:\/\/www.descon.at\/electronic\/wp-content\/uploads\/sites\/4\/2020\/07\/soldering-768x512.jpg 768w, https:\/\/www.descon.at\/electronic\/wp-content\/uploads\/sites\/4\/2020\/07\/soldering-1536x1024.jpg 1536w, https:\/\/www.descon.at\/electronic\/wp-content\/uploads\/sites\/4\/2020\/07\/soldering-2048x1365.jpg 2048w, https:\/\/www.descon.at\/electronic\/wp-content\/uploads\/sites\/4\/2020\/07\/soldering-1200x800.jpg 1200w, https:\/\/www.descon.at\/electronic\/wp-content\/uploads\/sites\/4\/2020\/07\/soldering-1980x1320.jpg 1980w\" data-src=\"https:\/\/www.descon.at\/electronic\/wp-content\/uploads\/sites\/4\/2020\/07\/soldering-1024x683.jpg\"><\/a><\/figure><\/div>\n<\/div>\n<\/div>\n","protected":false},"excerpt":{"rendered":"<p>\u00dcber Uns Wir sind ein \u00f6sterrreichisches KMU, welches sich zu 100% in privater Hand befindet. Da wir uns in einem hoch-qualifizierten Umfeld bewegen, sind Kontinuit\u00e4t, Professionalit\u00e4t und Nachhaltigkeit selbstverst\u00e4ndlich. Die Beziehung zu unseren Kunden, Lieferanten und Mitarbeitern ist auf dauerhaften Erfolg aller partizipierenden Pateien angelegt. Wir stehen f\u00fcr gegenseitigen Respekt und Handschlag-Qualit\u00e4t. Warum wir Elektronik-Entwicklungsdienstleistungen&hellip;&nbsp;<a href=\"https:\/\/www.descon.at\/electronic\/en\/\" rel=\"bookmark\">Read More &raquo;<span class=\"screen-reader-text\">Company<\/span><\/a><\/p>","protected":false},"author":1,"featured_media":0,"parent":0,"menu_order":0,"comment_status":"closed","ping_status":"closed","template":"","meta":{"neve_meta_sidebar":"full-width","neve_meta_container":"","neve_meta_enable_content_width":"on","neve_meta_content_width":100,"neve_meta_title_alignment":"","neve_meta_author_avatar":"","neve_post_elements_order":"","neve_meta_disable_header":"","neve_meta_disable_footer":"","neve_meta_disable_title":"on","footnotes":""},"class_list":["post-62","page","type-page","status-publish","hentry"],"_links":{"self":[{"href":"https:\/\/www.descon.at\/electronic\/en\/wp-json\/wp\/v2\/pages\/62","targetHints":{"allow":["GET"]}}],"collection":[{"href":"https:\/\/www.descon.at\/electronic\/en\/wp-json\/wp\/v2\/pages"}],"about":[{"href":"https:\/\/www.descon.at\/electronic\/en\/wp-json\/wp\/v2\/types\/page"}],"author":[{"embeddable":true,"href":"https:\/\/www.descon.at\/electronic\/en\/wp-json\/wp\/v2\/users\/1"}],"replies":[{"embeddable":true,"href":"https:\/\/www.descon.at\/electronic\/en\/wp-json\/wp\/v2\/comments?post=62"}],"version-history":[{"count":9,"href":"https:\/\/www.descon.at\/electronic\/en\/wp-json\/wp\/v2\/pages\/62\/revisions"}],"predecessor-version":[{"id":244,"href":"https:\/\/www.descon.at\/electronic\/en\/wp-json\/wp\/v2\/pages\/62\/revisions\/244"}],"wp:attachment":[{"href":"https:\/\/www.descon.at\/electronic\/en\/wp-json\/wp\/v2\/media?parent=62"}],"curies":[{"name":"wp","href":"https:\/\/api.w.org\/{rel}","templated":true}]}}