{"id":62,"date":"2020-07-14T11:42:36","date_gmt":"2020-07-14T09:42:36","guid":{"rendered":"http:\/\/localhost\/descon\/emobility\/?page_id=62"},"modified":"2020-07-30T15:56:31","modified_gmt":"2020-07-30T13:56:31","slug":"portfolio","status":"publish","type":"page","link":"https:\/\/www.descon.at\/e-mobility\/portfolio\/","title":{"rendered":"Portfolio"},"content":{"rendered":"<h2 class=\"wp-block-heading\">Geh\u00e4usekomponenten<\/h2>\n\n\n\n<div class=\"wp-block-columns is-layout-flex wp-container-core-columns-is-layout-9d6595d7 wp-block-columns-is-layout-flex\">\n<div class=\"wp-block-column is-vertically-aligned-top is-layout-flow wp-block-column-is-layout-flow\">\n<ul class=\"wp-block-list\"><li>Schwei\u00dfgeh\u00e4use aus Strangpressprofilen<\/li><li>Blechgeh\u00e4use<\/li><li>Gu\u00dfgeh\u00e4use<\/li><li>Kunststoffgeh\u00e4use<\/li><li>Dichtungsauslegung<\/li><\/ul>\n\n\n\n<div style=\"height:20px\" aria-hidden=\"true\" class=\"wp-block-spacer\"><\/div>\n<\/div>\n\n\n\n<div class=\"wp-block-column is-layout-flow wp-block-column-is-layout-flow\">\n<div class=\"wp-block-image\"><figure class=\"aligncenter size-large is-resized\"><a href=\"https:\/\/www.descon.at\/e-mobility\/wp-content\/uploads\/sites\/3\/2020\/07\/li_bat_pack_small.png\"><noscript><img decoding=\"async\" src=\"https:\/\/www.descon.at\/e-mobility\/wp-content\/uploads\/sites\/3\/2020\/07\/li_bat_pack_small-1024x741.png\" alt class=\"wp-image-292\" width=\"330\" height=\"238\" srcset=\"https:\/\/www.descon.at\/e-mobility\/wp-content\/uploads\/sites\/3\/2020\/07\/li_bat_pack_small-1024x741.png 1024w, https:\/\/www.descon.at\/e-mobility\/wp-content\/uploads\/sites\/3\/2020\/07\/li_bat_pack_small-300x217.png 300w, https:\/\/www.descon.at\/e-mobility\/wp-content\/uploads\/sites\/3\/2020\/07\/li_bat_pack_small-768x556.png 768w, https:\/\/www.descon.at\/e-mobility\/wp-content\/uploads\/sites\/3\/2020\/07\/li_bat_pack_small-1536x1112.png 1536w, https:\/\/www.descon.at\/e-mobility\/wp-content\/uploads\/sites\/3\/2020\/07\/li_bat_pack_small-2048x1483.png 2048w\" sizes=\"(max-width: 330px) 100vw, 330px\"><\/noscript><img decoding=\"async\" src=\"data:image\/svg+xml,%3Csvg%20xmlns%3D%22http%3A%2F%2Fwww.w3.org%2F2000%2Fsvg%22%20viewBox%3D%220%200%20330%20238%22%3E%3C%2Fsvg%3E\" alt class=\"wp-image-292 lazyload\" width=\"330\" height=\"238\" srcset=\"data:image\/svg+xml,%3Csvg%20xmlns%3D%22http%3A%2F%2Fwww.w3.org%2F2000%2Fsvg%22%20viewBox%3D%220%200%20330%20238%22%3E%3C%2Fsvg%3E 330w\" sizes=\"(max-width: 330px) 100vw, 330px\" data-srcset=\"https:\/\/www.descon.at\/e-mobility\/wp-content\/uploads\/sites\/3\/2020\/07\/li_bat_pack_small-1024x741.png 1024w, https:\/\/www.descon.at\/e-mobility\/wp-content\/uploads\/sites\/3\/2020\/07\/li_bat_pack_small-300x217.png 300w, https:\/\/www.descon.at\/e-mobility\/wp-content\/uploads\/sites\/3\/2020\/07\/li_bat_pack_small-768x556.png 768w, https:\/\/www.descon.at\/e-mobility\/wp-content\/uploads\/sites\/3\/2020\/07\/li_bat_pack_small-1536x1112.png 1536w, https:\/\/www.descon.at\/e-mobility\/wp-content\/uploads\/sites\/3\/2020\/07\/li_bat_pack_small-2048x1483.png 2048w\" data-src=\"https:\/\/www.descon.at\/e-mobility\/wp-content\/uploads\/sites\/3\/2020\/07\/li_bat_pack_small-1024x741.png\"><\/a><\/figure><\/div>\n\n\n\n<p><\/p>\n<\/div>\n<\/div>\n\n\n\n<h2 class=\"wp-block-heading\">Kunststoffteile<\/h2>\n\n\n\n<div class=\"wp-block-columns is-layout-flex wp-container-core-columns-is-layout-9d6595d7 wp-block-columns-is-layout-flex\">\n<div class=\"wp-block-column is-vertically-aligned-top is-layout-flow wp-block-column-is-layout-flow\">\n<ul class=\"wp-block-list\"><li>Spritzgu\u00dfgeh\u00e4use<\/li><li>Kunststoff-Abst\u00fctzungen (Load-Tests)<\/li><li>Isolationsbauteile<\/li><li>Isolationsfolien<\/li><\/ul>\n\n\n\n<div style=\"height:20px\" aria-hidden=\"true\" class=\"wp-block-spacer\"><\/div>\n<\/div>\n\n\n\n<div class=\"wp-block-column is-layout-flow wp-block-column-is-layout-flow\">\n<div class=\"wp-block-columns is-layout-flex wp-container-core-columns-is-layout-9d6595d7 wp-block-columns-is-layout-flex\">\n<div class=\"wp-block-column is-layout-flow wp-block-column-is-layout-flow\">\n<div class=\"wp-block-image\"><figure class=\"aligncenter size-large is-resized\"><a href=\"https:\/\/www.descon.at\/e-mobility\/wp-content\/uploads\/sites\/3\/2020\/07\/plastic_pt1.png\"><noscript><img decoding=\"async\" src=\"https:\/\/www.descon.at\/e-mobility\/wp-content\/uploads\/sites\/3\/2020\/07\/plastic_pt1.png\" alt class=\"wp-image-92\" width=\"268\" height=\"186\" srcset=\"https:\/\/www.descon.at\/e-mobility\/wp-content\/uploads\/sites\/3\/2020\/07\/plastic_pt1.png 387w, https:\/\/www.descon.at\/e-mobility\/wp-content\/uploads\/sites\/3\/2020\/07\/plastic_pt1-300x209.png 300w\" sizes=\"(max-width: 268px) 100vw, 268px\"><\/noscript><img decoding=\"async\" src=\"data:image\/svg+xml,%3Csvg%20xmlns%3D%22http%3A%2F%2Fwww.w3.org%2F2000%2Fsvg%22%20viewBox%3D%220%200%20268%20186%22%3E%3C%2Fsvg%3E\" alt class=\"wp-image-92 lazyload\" width=\"268\" height=\"186\" srcset=\"data:image\/svg+xml,%3Csvg%20xmlns%3D%22http%3A%2F%2Fwww.w3.org%2F2000%2Fsvg%22%20viewBox%3D%220%200%20268%20186%22%3E%3C%2Fsvg%3E 268w\" sizes=\"(max-width: 268px) 100vw, 268px\" data-srcset=\"https:\/\/www.descon.at\/e-mobility\/wp-content\/uploads\/sites\/3\/2020\/07\/plastic_pt1.png 387w, https:\/\/www.descon.at\/e-mobility\/wp-content\/uploads\/sites\/3\/2020\/07\/plastic_pt1-300x209.png 300w\" data-src=\"https:\/\/www.descon.at\/e-mobility\/wp-content\/uploads\/sites\/3\/2020\/07\/plastic_pt1.png\"><\/a><\/figure><\/div>\n<\/div>\n\n\n\n<div class=\"wp-block-column is-layout-flow wp-block-column-is-layout-flow\">\n<div class=\"wp-block-image\"><figure class=\"aligncenter size-large is-resized\"><a href=\"https:\/\/www.descon.at\/e-mobility\/wp-content\/uploads\/sites\/3\/2020\/07\/plastic_pt2.png\"><noscript><img decoding=\"async\" src=\"https:\/\/www.descon.at\/e-mobility\/wp-content\/uploads\/sites\/3\/2020\/07\/plastic_pt2.png\" alt class=\"wp-image-93\" width=\"268\" height=\"120\" srcset=\"https:\/\/www.descon.at\/e-mobility\/wp-content\/uploads\/sites\/3\/2020\/07\/plastic_pt2.png 763w, https:\/\/www.descon.at\/e-mobility\/wp-content\/uploads\/sites\/3\/2020\/07\/plastic_pt2-300x136.png 300w\" sizes=\"(max-width: 268px) 100vw, 268px\"><\/noscript><img decoding=\"async\" src=\"data:image\/svg+xml,%3Csvg%20xmlns%3D%22http%3A%2F%2Fwww.w3.org%2F2000%2Fsvg%22%20viewBox%3D%220%200%20268%20120%22%3E%3C%2Fsvg%3E\" alt class=\"wp-image-93 lazyload\" width=\"268\" height=\"120\" srcset=\"data:image\/svg+xml,%3Csvg%20xmlns%3D%22http%3A%2F%2Fwww.w3.org%2F2000%2Fsvg%22%20viewBox%3D%220%200%20268%20120%22%3E%3C%2Fsvg%3E 268w\" sizes=\"(max-width: 268px) 100vw, 268px\" data-srcset=\"https:\/\/www.descon.at\/e-mobility\/wp-content\/uploads\/sites\/3\/2020\/07\/plastic_pt2.png 763w, https:\/\/www.descon.at\/e-mobility\/wp-content\/uploads\/sites\/3\/2020\/07\/plastic_pt2-300x136.png 300w\" data-src=\"https:\/\/www.descon.at\/e-mobility\/wp-content\/uploads\/sites\/3\/2020\/07\/plastic_pt2.png\"><\/a><\/figure><\/div>\n<\/div>\n<\/div>\n<\/div>\n<\/div>\n\n\n\n<h2 class=\"wp-block-heading\">Stromverbinder<\/h2>\n\n\n\n<div class=\"wp-block-columns is-layout-flex wp-container-core-columns-is-layout-9d6595d7 wp-block-columns-is-layout-flex\">\n<div class=\"wp-block-column is-vertically-aligned-top is-layout-flow wp-block-column-is-layout-flow\">\n<ul class=\"wp-block-list\"><li>Flachb\u00e4nder (Cu)<\/li><li>Biege-Stanz-Teile (Al \/ Cu)<\/li><li>Stromschiene-Kabel-Verb\u00fcnde<\/li><li>Isolierte Stromschienen<ul><li>direkt umspritzt<\/li><li>verclipste Spritzgu\u00dfteile<\/li><li>Isolationsfolien<\/li><\/ul><\/li><\/ul>\n\n\n\n<div style=\"height:20px\" aria-hidden=\"true\" class=\"wp-block-spacer\"><\/div>\n<\/div>\n\n\n\n<div class=\"wp-block-column is-layout-flow wp-block-column-is-layout-flow\">\n<div class=\"wp-block-columns is-layout-flex wp-container-core-columns-is-layout-9d6595d7 wp-block-columns-is-layout-flex\">\n<div class=\"wp-block-column is-layout-flow wp-block-column-is-layout-flow\">\n<div class=\"wp-block-image\"><figure class=\"aligncenter size-large is-resized\"><a href=\"https:\/\/www.descon.at\/e-mobility\/wp-content\/uploads\/sites\/3\/2020\/07\/power_pt1.png\"><noscript><img decoding=\"async\" src=\"https:\/\/www.descon.at\/e-mobility\/wp-content\/uploads\/sites\/3\/2020\/07\/power_pt1.png\" alt class=\"wp-image-94\" width=\"268\" height=\"181\" srcset=\"https:\/\/www.descon.at\/e-mobility\/wp-content\/uploads\/sites\/3\/2020\/07\/power_pt1.png 383w, https:\/\/www.descon.at\/e-mobility\/wp-content\/uploads\/sites\/3\/2020\/07\/power_pt1-300x204.png 300w\" sizes=\"(max-width: 268px) 100vw, 268px\"><\/noscript><img decoding=\"async\" src=\"data:image\/svg+xml,%3Csvg%20xmlns%3D%22http%3A%2F%2Fwww.w3.org%2F2000%2Fsvg%22%20viewBox%3D%220%200%20268%20181%22%3E%3C%2Fsvg%3E\" alt class=\"wp-image-94 lazyload\" width=\"268\" height=\"181\" srcset=\"data:image\/svg+xml,%3Csvg%20xmlns%3D%22http%3A%2F%2Fwww.w3.org%2F2000%2Fsvg%22%20viewBox%3D%220%200%20268%20181%22%3E%3C%2Fsvg%3E 268w\" sizes=\"(max-width: 268px) 100vw, 268px\" data-srcset=\"https:\/\/www.descon.at\/e-mobility\/wp-content\/uploads\/sites\/3\/2020\/07\/power_pt1.png 383w, https:\/\/www.descon.at\/e-mobility\/wp-content\/uploads\/sites\/3\/2020\/07\/power_pt1-300x204.png 300w\" data-src=\"https:\/\/www.descon.at\/e-mobility\/wp-content\/uploads\/sites\/3\/2020\/07\/power_pt1.png\"><\/a><\/figure><\/div>\n<\/div>\n\n\n\n<div class=\"wp-block-column is-layout-flow wp-block-column-is-layout-flow\">\n<div class=\"wp-block-image\"><figure class=\"aligncenter size-large is-resized\"><a href=\"https:\/\/www.descon.at\/e-mobility\/wp-content\/uploads\/sites\/3\/2020\/07\/power_pt2.png\"><noscript><img decoding=\"async\" src=\"https:\/\/www.descon.at\/e-mobility\/wp-content\/uploads\/sites\/3\/2020\/07\/power_pt2.png\" alt class=\"wp-image-95\" width=\"268\" height=\"100\" srcset=\"https:\/\/www.descon.at\/e-mobility\/wp-content\/uploads\/sites\/3\/2020\/07\/power_pt2.png 584w, https:\/\/www.descon.at\/e-mobility\/wp-content\/uploads\/sites\/3\/2020\/07\/power_pt2-300x113.png 300w\" sizes=\"(max-width: 268px) 100vw, 268px\"><\/noscript><img decoding=\"async\" src=\"data:image\/svg+xml,%3Csvg%20xmlns%3D%22http%3A%2F%2Fwww.w3.org%2F2000%2Fsvg%22%20viewBox%3D%220%200%20268%20100%22%3E%3C%2Fsvg%3E\" alt class=\"wp-image-95 lazyload\" width=\"268\" height=\"100\" srcset=\"data:image\/svg+xml,%3Csvg%20xmlns%3D%22http%3A%2F%2Fwww.w3.org%2F2000%2Fsvg%22%20viewBox%3D%220%200%20268%20100%22%3E%3C%2Fsvg%3E 268w\" sizes=\"(max-width: 268px) 100vw, 268px\" data-srcset=\"https:\/\/www.descon.at\/e-mobility\/wp-content\/uploads\/sites\/3\/2020\/07\/power_pt2.png 584w, https:\/\/www.descon.at\/e-mobility\/wp-content\/uploads\/sites\/3\/2020\/07\/power_pt2-300x113.png 300w\" data-src=\"https:\/\/www.descon.at\/e-mobility\/wp-content\/uploads\/sites\/3\/2020\/07\/power_pt2.png\"><\/a><\/figure><\/div>\n<\/div>\n<\/div>\n<\/div>\n<\/div>\n\n\n\n<h2 class=\"wp-block-heading\">K\u00fchlungssysteme<\/h2>\n\n\n\n<div class=\"wp-block-columns is-layout-flex wp-container-core-columns-is-layout-9d6595d7 wp-block-columns-is-layout-flex\">\n<div class=\"wp-block-column is-vertically-aligned-top is-layout-flow wp-block-column-is-layout-flow\">\n<ul class=\"wp-block-list\"><li>Strangprofile inklusive Umlenksysteme<\/li><li>Plattenk\u00fchler<\/li><li>K\u00fchlmittel-Verschlauchungen<\/li><li>Luftk\u00fchlungen<\/li><\/ul>\n\n\n\n<div style=\"height:20px\" aria-hidden=\"true\" class=\"wp-block-spacer\"><\/div>\n<\/div>\n\n\n\n<div class=\"wp-block-column is-layout-flow wp-block-column-is-layout-flow\">\n<div class=\"wp-block-image\"><figure class=\"aligncenter size-large is-resized\"><a href=\"https:\/\/www.descon.at\/e-mobility\/wp-content\/uploads\/sites\/3\/2020\/07\/cooling_pt1.png\"><noscript><img decoding=\"async\" src=\"https:\/\/www.descon.at\/e-mobility\/wp-content\/uploads\/sites\/3\/2020\/07\/cooling_pt1-1024x723.png\" alt class=\"wp-image-86\" width=\"420\" height=\"296\" srcset=\"https:\/\/www.descon.at\/e-mobility\/wp-content\/uploads\/sites\/3\/2020\/07\/cooling_pt1-1024x723.png 1024w, https:\/\/www.descon.at\/e-mobility\/wp-content\/uploads\/sites\/3\/2020\/07\/cooling_pt1-300x212.png 300w, https:\/\/www.descon.at\/e-mobility\/wp-content\/uploads\/sites\/3\/2020\/07\/cooling_pt1-768x542.png 768w, https:\/\/www.descon.at\/e-mobility\/wp-content\/uploads\/sites\/3\/2020\/07\/cooling_pt1.png 1173w\" sizes=\"(max-width: 420px) 100vw, 420px\"><\/noscript><img decoding=\"async\" src=\"data:image\/svg+xml,%3Csvg%20xmlns%3D%22http%3A%2F%2Fwww.w3.org%2F2000%2Fsvg%22%20viewBox%3D%220%200%20420%20296%22%3E%3C%2Fsvg%3E\" alt class=\"wp-image-86 lazyload\" width=\"420\" height=\"296\" srcset=\"data:image\/svg+xml,%3Csvg%20xmlns%3D%22http%3A%2F%2Fwww.w3.org%2F2000%2Fsvg%22%20viewBox%3D%220%200%20420%20296%22%3E%3C%2Fsvg%3E 420w\" sizes=\"(max-width: 420px) 100vw, 420px\" data-srcset=\"https:\/\/www.descon.at\/e-mobility\/wp-content\/uploads\/sites\/3\/2020\/07\/cooling_pt1-1024x723.png 1024w, https:\/\/www.descon.at\/e-mobility\/wp-content\/uploads\/sites\/3\/2020\/07\/cooling_pt1-300x212.png 300w, https:\/\/www.descon.at\/e-mobility\/wp-content\/uploads\/sites\/3\/2020\/07\/cooling_pt1-768x542.png 768w, https:\/\/www.descon.at\/e-mobility\/wp-content\/uploads\/sites\/3\/2020\/07\/cooling_pt1.png 1173w\" data-src=\"https:\/\/www.descon.at\/e-mobility\/wp-content\/uploads\/sites\/3\/2020\/07\/cooling_pt1-1024x723.png\"><\/a><\/figure><\/div>\n<\/div>\n<\/div>\n","protected":false},"excerpt":{"rendered":"<p>Geh\u00e4usekomponenten Schwei\u00dfgeh\u00e4use aus Strangpressprofilen Blechgeh\u00e4use Gu\u00dfgeh\u00e4use Kunststoffgeh\u00e4use Dichtungsauslegung Kunststoffteile Spritzgu\u00dfgeh\u00e4use Kunststoff-Abst\u00fctzungen (Load-Tests) Isolationsbauteile Isolationsfolien Stromverbinder Flachb\u00e4nder (Cu) Biege-Stanz-Teile (Al \/ Cu) Stromschiene-Kabel-Verb\u00fcnde Isolierte Stromschienen direkt umspritzt verclipste Spritzgu\u00dfteile Isolationsfolien K\u00fchlungssysteme Strangprofile inklusive Umlenksysteme Plattenk\u00fchler K\u00fchlmittel-Verschlauchungen Luftk\u00fchlungen<\/p>\n","protected":false},"author":1,"featured_media":0,"parent":0,"menu_order":0,"comment_status":"closed","ping_status":"closed","template":"","meta":{"neve_meta_sidebar":"full-width","neve_meta_container":"","neve_meta_enable_content_width":"on","neve_meta_content_width":100,"neve_meta_title_alignment":"","neve_meta_author_avatar":"","neve_post_elements_order":"","neve_meta_disable_header":"","neve_meta_disable_footer":"","neve_meta_disable_title":"on","footnotes":""},"class_list":["post-62","page","type-page","status-publish","hentry"],"_links":{"self":[{"href":"https:\/\/www.descon.at\/e-mobility\/wp-json\/wp\/v2\/pages\/62","targetHints":{"allow":["GET"]}}],"collection":[{"href":"https:\/\/www.descon.at\/e-mobility\/wp-json\/wp\/v2\/pages"}],"about":[{"href":"https:\/\/www.descon.at\/e-mobility\/wp-json\/wp\/v2\/types\/page"}],"author":[{"embeddable":true,"href":"https:\/\/www.descon.at\/e-mobility\/wp-json\/wp\/v2\/users\/1"}],"replies":[{"embeddable":true,"href":"https:\/\/www.descon.at\/e-mobility\/wp-json\/wp\/v2\/comments?post=62"}],"version-history":[{"count":14,"href":"https:\/\/www.descon.at\/e-mobility\/wp-json\/wp\/v2\/pages\/62\/revisions"}],"predecessor-version":[{"id":293,"href":"https:\/\/www.descon.at\/e-mobility\/wp-json\/wp\/v2\/pages\/62\/revisions\/293"}],"wp:attachment":[{"href":"https:\/\/www.descon.at\/e-mobility\/wp-json\/wp\/v2\/media?parent=62"}],"curies":[{"name":"wp","href":"https:\/\/api.w.org\/{rel}","templated":true}]}}